{"id":7,"date":"2017-10-02T13:29:42","date_gmt":"2017-10-02T13:29:42","guid":{"rendered":"http:\/\/benawi.com\/?page_id=7"},"modified":"2022-10-08T19:14:31","modified_gmt":"2022-10-08T19:14:31","slug":"one-page-express","status":"publish","type":"page","link":"https:\/\/benawi.com\/","title":{"rendered":"Startseite"},"content":{"rendered":"<div id=\"pl-7\"  class=\"panel-layout\" ><div id=\"pg-7-0\"  class=\"panel-grid panel-has-style\" ><div style=\"padding: 100px 0; \" data-overlay=\"true\" data-overlay-color=\"#000000\" class=\"panel-row-style panel-row-style-for-7-0\" ><div id=\"pgc-7-0-0\"  class=\"panel-grid-cell panel-grid-cell-empty\" ><\/div><div id=\"pgc-7-0-1\"  class=\"panel-grid-cell panel-grid-cell-mobile-last\" ><div id=\"panel-7-0-1-0\" class=\"so-panel widget widget_sow-editor panel-first-child panel-last-child\" data-index=\"0\" ><div style=\"text-align: left;\" data-title-color=\"#443f3f\" data-headings-color=\"#443f3f\" class=\"panel-widget-style panel-widget-style-for-7-0-1-0\" ><div\n\t\t\t\n\t\t\tclass=\"so-widget-sow-editor so-widget-sow-editor-base\"\n\t\t\t\n\t\t>\n<div class=\"siteorigin-widget-tinymce textwidget\">\n\t<div class=\"eds-animate edsanimate-sis-hidden \" data-eds-entry-animation=\"slideInDown\" data-eds-entry-delay=\"0\" data-eds-entry-duration=\"2\" data-eds-entry-timing=\"ease\" data-eds-exit-animation=\"\" data-eds-exit-delay=\"\" data-eds-exit-duration=\"\" data-eds-exit-timing=\"\" data-eds-repeat-count=\"1\" data-eds-keep=\"yes\" data-eds-animate-on=\"load\" data-eds-scroll-offset=\"\">\n<h2 style=\"text-align: center;\"><span style=\"font-size: 32pt; color: #ffffff; font-family: Bilbo Swash Caps,Italianno,cursive,arial,helvetica,sans-serif;\">Herzlich Willkommen beim<\/span><\/h2>\n<h2 style=\"text-align: center;\"><span style=\"font-size: 32pt; color: #ffffff; font-family: Bilbo Swash Caps,Italianno,cursive,arial,helvetica,sans-serif;\">Wimpern &amp; Nagelstudio<br \/>\n<\/span><\/h2>\n<h2 style=\"text-align: center;\"><span style=\"font-size: 32pt; color: #ffffff; font-family: Bilbo Swash Caps,Italianno,cursive,arial,helvetica,sans-serif;\">in Osternburg<br \/>\n<\/span><\/h2>\n<\/div>\n<\/div>\n<\/div><\/div><\/div><\/div><div id=\"pgc-7-0-2\"  class=\"panel-grid-cell panel-grid-cell-empty\" ><\/div><\/div><\/div><div id=\"pg-7-1\"  class=\"panel-grid panel-has-style\" ><div style=\"padding: -200px 0; \" data-overlay=\"true\" data-overlay-color=\"#000000\" class=\"panel-row-style panel-row-style-for-7-1\" ><div id=\"pgc-7-1-0\"  class=\"panel-grid-cell\" ><div id=\"panel-7-1-0-0\" class=\"so-panel widget widget_sow-editor panel-first-child panel-last-child\" data-index=\"1\" ><div style=\"text-align: center;\" data-title-color=\"#443f3f\" data-headings-color=\"#443f3f\" class=\"panel-widget-style panel-widget-style-for-7-1-0-0\" ><div\n\t\t\t\n\t\t\tclass=\"so-widget-sow-editor so-widget-sow-editor-base\"\n\t\t\t\n\t\t>\n<div class=\"siteorigin-widget-tinymce textwidget\">\n\t<h2 style=\"text-align: center;\"><span style=\"font-size: 32pt; color: #ffffff; font-family: Bilbo Swash Caps,Italianno,cursive,arial,helvetica,sans-serif;\">Beauty<\/span><\/h2>\n<p style=\"text-align: center;\"><span style=\"font-family: trebuchet ms, geneva, sans-serif;\">Ihre Sch\u00f6nheit <\/span><span style=\"font-family: trebuchet ms, geneva, sans-serif;\">und Wohlbefinden ist mir<\/span><br \/>\n<span style=\"font-family: trebuchet ms, geneva, sans-serif;\">ein Anliegen! Ich biete Ihnen:<\/span><br \/>\n<span style=\"font-family: trebuchet ms, geneva, sans-serif;\">Wimpernverl\u00e4ngerung\/Verdichtung<\/span><br \/>\n<span style=\"font-family: trebuchet ms, geneva, sans-serif;\">Einzel, Mixed oder Volumentechnik,<\/span><br \/>\n<span style=\"font-family: trebuchet ms, geneva, sans-serif;\">Nagelverl\u00e4ngerungen\/ Verst\u00e4rkung, French,<\/span><br \/>\n<span style=\"font-family: trebuchet ms, geneva, sans-serif;\">Fullcover oder Design.<\/span><\/p>\n<p>&nbsp;<\/p>\n<p><img loading=\"lazy\" class=\"alignnone size-medium wp-image-116\" style=\"margin-top: 29px;\" src=\"http:\/\/benawi.com\/wp-content\/uploads\/2017\/10\/logo-grau_B-300x182.jpg\" alt=\"\" width=\"360\" height=\"238\" \/><\/p>\n<\/div>\n<\/div><\/div><\/div><\/div><div id=\"pgc-7-1-1\"  class=\"panel-grid-cell\" ><div id=\"panel-7-1-1-0\" class=\"so-panel widget widget_sow-editor panel-first-child panel-last-child\" data-index=\"2\" ><div style=\"text-align: center;\" data-title-color=\"#443f3f\" data-headings-color=\"#443f3f\" class=\"panel-widget-style panel-widget-style-for-7-1-1-0\" ><div\n\t\t\t\n\t\t\tclass=\"so-widget-sow-editor so-widget-sow-editor-base\"\n\t\t\t\n\t\t>\n<div class=\"siteorigin-widget-tinymce textwidget\">\n\t<h2 style=\"text-align: center;\"><span style=\"font-size: 32pt; color: #ffffff; font-family: Bilbo Swash Caps,Italianno,cursive,arial,helvetica,sans-serif;\">N\u00e4gel<\/span><\/h2>\n<p style=\"text-align: center;\"><span style=\"font-family: trebuchet ms,geneva,sans-serif;\">Sie sind Nagelbei\u00dfer, oder \u00e4rgern <\/span><br \/>\n<span style=\"font-family: trebuchet ms,geneva,sans-serif;\">sich \u00fcber Ihre N\u00e4gel die splittern, <\/span><br \/>\nbrechen oder rillig sind? <span style=\"font-family: trebuchet ms,geneva,sans-serif;\">Oder es <\/span><br \/>\n<span style=\"font-family: trebuchet ms,geneva,sans-serif;\">steht ein toller Abend an und Sie m\u00f6chten <\/span><br \/>\n<span style=\"font-family: trebuchet ms,geneva,sans-serif;\">f\u00fcr diesen Anlass wundersch\u00f6ne N\u00e4gel? <\/span><br \/>\n<span style=\"font-family: trebuchet ms,geneva,sans-serif;\">Wir finden eine L\u00f6sung, ich freue mich auf<\/span><br \/>\n<span style=\"font-family: trebuchet ms,geneva,sans-serif;\"> Ihren Besuch.<\/span><\/p>\n<p><img loading=\"lazy\" style=\"margin-top: 56px;\" src=\"http:\/\/benawi.com\/wp-content\/uploads\/2017\/10\/nails_N.jpg\" alt=\"Bild\" width=\"360\" height=\"218\" \/><\/p>\n<\/div>\n<\/div><\/div><\/div><\/div><div id=\"pgc-7-1-2\"  class=\"panel-grid-cell\" ><div id=\"panel-7-1-2-0\" class=\"so-panel widget widget_sow-editor panel-first-child panel-last-child\" data-index=\"3\" ><div style=\"text-align: center;\" data-title-color=\"#443f3f\" data-headings-color=\"#443f3f\" class=\"panel-widget-style panel-widget-style-for-7-1-2-0\" ><div\n\t\t\t\n\t\t\tclass=\"so-widget-sow-editor so-widget-sow-editor-base\"\n\t\t\t\n\t\t>\n<div class=\"siteorigin-widget-tinymce textwidget\">\n\t<h2 style=\"text-align: center;\"><span style=\"font-size: 32pt; color: #ffffff; font-family: Bilbo Swash Caps,Italianno,cursive,arial,helvetica,sans-serif;\">Wimpern<\/span><\/h2>\n<p style=\"text-align: center;\"><span style=\"font-family: trebuchet ms,geneva,sans-serif;\">Die hochwertige Qualit\u00e4t wird Sie zum<\/span><br \/>\n<span style=\"font-family: trebuchet ms,geneva,sans-serif;\"> staunen bringen. Kein Maskara mehr n\u00f6tig<\/span><br \/>\n<span style=\"font-family: trebuchet ms,geneva,sans-serif;\"> durch den tiefschwarzen Effekt. Morgens<\/span><br \/>\n<span style=\"font-family: trebuchet ms,geneva,sans-serif;\"> aufwachen wie geschminkt mit einem<\/span><br \/>\n<span style=\"font-family: trebuchet ms,geneva,sans-serif;\"> tollen Augenaufschlag, wollen das nicht<\/span><br \/>\n<span style=\"font-family: trebuchet ms,geneva,sans-serif;\"> alle Frauen?<\/span><br \/>\n<span style=\"font-family: trebuchet ms,geneva,sans-serif;\"> Mit meiner Wimpernverl\u00e4ngerung \/<\/span><br \/>\n<span style=\"font-family: trebuchet ms,geneva,sans-serif;\"> -Verdichtung ist das garantiert.<\/span><\/p>\n<p><img loading=\"lazy\" style=\"margin-top: 30px;\" src=\"http:\/\/benawi.com\/wp-content\/uploads\/2017\/10\/VS_oW.jpg\" alt=\"Bild\" width=\"366\" height=\"220\" \/><\/p>\n<\/div>\n<\/div><\/div><\/div><\/div><\/div><\/div><div id=\"pg-7-2\"  class=\"panel-grid panel-has-style\" ><div style=\"padding: 100px 0; \" data-overlay=\"true\" data-overlay-color=\"#000000\" class=\"panel-row-style panel-row-style-for-7-2\" ><div id=\"pgc-7-2-0\"  class=\"panel-grid-cell\" ><div id=\"panel-7-2-0-0\" class=\"so-panel widget widget_sow-editor panel-first-child panel-last-child\" data-index=\"4\" ><div style=\"text-align: left;\" data-title-color=\"#443f3f\" data-headings-color=\"#443f3f\" class=\"panel-widget-style panel-widget-style-for-7-2-0-0\" ><div\n\t\t\t\n\t\t\tclass=\"so-widget-sow-editor so-widget-sow-editor-base\"\n\t\t\t\n\t\t>\n<div class=\"siteorigin-widget-tinymce textwidget\">\n\t<h2 style=\"text-align: left;\"><span style=\"font-size: 32pt; color: #ffffff; font-family: Bilbo Swash Caps,Italianno,cursive,arial,helvetica,sans-serif;\">Ihre Ansprechpartnerin<\/span><\/h2>\n<p>Inh. D\u00f6rte Haase<\/p>\n<p>Bremer Stra\u00dfe 44<\/p>\n<p>26135 Oldenburg<\/p>\n<p>gerne \u00fcber Whatsapp:<\/p>\n<p><a href=\"tel:+4917641596604\">0176 - 415 966 04<\/a><\/p>\n<p>info@benawi.com<\/p>\n<p><img loading=\"lazy\" class=\"alignnone size-full wp-image-150\" src=\"http:\/\/benawi.com\/wp-content\/uploads\/2017\/10\/dx.jpg\" alt=\"\" width=\"133\" height=\"177\" \/><\/p>\n<p>\u00d6ffnungszeiten:<\/p>\n<p><strong>Mo - Fr:\u00a0 9-18 Uhr<\/strong><\/p>\n<p><a href=\"http:\/\/benawi.com\/?page_id=231\">Impressum<\/a><\/p>\n<\/div>\n<\/div><\/div><\/div><\/div><div id=\"pgc-7-2-1\"  class=\"panel-grid-cell panel-grid-cell-empty\" ><\/div><div id=\"pgc-7-2-2\"  class=\"panel-grid-cell\" ><div id=\"panel-7-2-2-0\" class=\"so-panel widget widget_sow-editor panel-first-child panel-last-child\" data-index=\"5\" ><div style=\"text-align: left;\" data-title-color=\"#443f3f\" data-headings-color=\"#443f3f\" class=\"panel-widget-style panel-widget-style-for-7-2-2-0\" ><div\n\t\t\t\n\t\t\tclass=\"so-widget-sow-editor so-widget-sow-editor-base\"\n\t\t\t\n\t\t>\n<div class=\"siteorigin-widget-tinymce textwidget\">\n\t<h2 style=\"text-align: left;\"><span style=\"font-size: 32pt; color: #ffffff; font-family: Bilbo Swash Caps,Italianno,cursive,arial,helvetica,sans-serif;\">Anfrage<\/span><\/h2>\n<div role=\"form\" class=\"wpcf7\" id=\"wpcf7-f5-o1\" lang=\"de-DE\" dir=\"ltr\">\n<div class=\"screen-reader-response\"><p role=\"status\" aria-live=\"polite\" aria-atomic=\"true\"><\/p> <ul><\/ul><\/div>\n<form action=\"\/index.php?rest_route=%2Fwp%2Fv2%2Fpages%2F7#wpcf7-f5-o1\" method=\"post\" class=\"wpcf7-form init\" novalidate=\"novalidate\" data-status=\"init\">\n<div style=\"display: none;\">\n<input type=\"hidden\" name=\"_wpcf7\" value=\"5\" \/>\n<input type=\"hidden\" name=\"_wpcf7_version\" value=\"5.6.3\" \/>\n<input type=\"hidden\" name=\"_wpcf7_locale\" value=\"de_DE\" \/>\n<input type=\"hidden\" name=\"_wpcf7_unit_tag\" value=\"wpcf7-f5-o1\" \/>\n<input type=\"hidden\" name=\"_wpcf7_container_post\" value=\"0\" \/>\n<input type=\"hidden\" name=\"_wpcf7_posted_data_hash\" value=\"\" \/>\n<\/div>\n<p><label> Ihr Name (Pflichtfeld)<br \/>\n    <span class=\"wpcf7-form-control-wrap\" data-name=\"your-name\"><input type=\"text\" name=\"your-name\" value=\"\" size=\"30\" class=\"wpcf7-form-control wpcf7-text wpcf7-validates-as-required\" aria-required=\"true\" aria-invalid=\"false\" \/><\/span> <\/label><\/p>\n<p><label> Ihre E-Mail-Adresse (Pflichtfeld)<br \/>\n    <span class=\"wpcf7-form-control-wrap\" data-name=\"your-email\"><input type=\"email\" name=\"your-email\" value=\"\" size=\"30\" class=\"wpcf7-form-control wpcf7-text wpcf7-email wpcf7-validates-as-required wpcf7-validates-as-email\" aria-required=\"true\" aria-invalid=\"false\" \/><\/span> <\/label><\/p>\n<p><label> Betreff<br \/>\n    <span class=\"wpcf7-form-control-wrap\" data-name=\"your-subject\"><input type=\"text\" name=\"your-subject\" value=\"\" size=\"30\" class=\"wpcf7-form-control wpcf7-text\" aria-invalid=\"false\" \/><\/span> <\/label><\/p>\n<p><label> Ihre Nachricht<br \/>\n    <span class=\"wpcf7-form-control-wrap\" data-name=\"your-message\"><textarea name=\"your-message\" cols=\"40\" rows=\"10\" class=\"wpcf7-form-control wpcf7-textarea\" aria-invalid=\"false\"><\/textarea><\/span> <\/label><\/p>\n<p><input type=\"submit\" value=\"Abschicken\" class=\"wpcf7-form-control has-spinner wpcf7-submit\" \/><\/p>\n<div class=\"wpcf7-response-output\" aria-hidden=\"true\"><\/div><\/form><\/div>\n<\/div>\n<\/div><\/div><\/div><\/div><\/div><\/div><div id=\"pg-7-3\"  class=\"panel-grid panel-has-style\" ><div style=\"padding: 100px 0; \" data-overlay=\"true\" data-overlay-color=\"#000000\" class=\"panel-row-style panel-row-style-for-7-3\" ><div id=\"pgc-7-3-0\"  class=\"panel-grid-cell panel-grid-cell-empty\" ><\/div><div id=\"pgc-7-3-1\"  class=\"panel-grid-cell panel-grid-cell-empty panel-grid-cell-mobile-last\" ><\/div><div id=\"pgc-7-3-2\"  class=\"panel-grid-cell panel-grid-cell-empty\" ><\/div><\/div><\/div><\/div>","protected":false},"excerpt":{"rendered":"<p>Herzlich Willkommen beim Wimpern &amp; Nagelstudio in Osternburg Beauty Ihre Sch\u00f6nheit und Wohlbefinden ist mir ein Anliegen! Ich biete Ihnen: Wimpernverl\u00e4ngerung\/Verdichtung Einzel, [&hellip;]<\/p>\n","protected":false},"author":1,"featured_media":0,"parent":0,"menu_order":0,"comment_status":"closed","ping_status":"closed","template":"page-templates\/page_front-page.php","meta":[],"_links":{"self":[{"href":"https:\/\/benawi.com\/index.php?rest_route=\/wp\/v2\/pages\/7"}],"collection":[{"href":"https:\/\/benawi.com\/index.php?rest_route=\/wp\/v2\/pages"}],"about":[{"href":"https:\/\/benawi.com\/index.php?rest_route=\/wp\/v2\/types\/page"}],"author":[{"embeddable":true,"href":"https:\/\/benawi.com\/index.php?rest_route=\/wp\/v2\/users\/1"}],"replies":[{"embeddable":true,"href":"https:\/\/benawi.com\/index.php?rest_route=%2Fwp%2Fv2%2Fcomments&post=7"}],"version-history":[{"count":172,"href":"https:\/\/benawi.com\/index.php?rest_route=\/wp\/v2\/pages\/7\/revisions"}],"predecessor-version":[{"id":577,"href":"https:\/\/benawi.com\/index.php?rest_route=\/wp\/v2\/pages\/7\/revisions\/577"}],"wp:attachment":[{"href":"https:\/\/benawi.com\/index.php?rest_route=%2Fwp%2Fv2%2Fmedia&parent=7"}],"curies":[{"name":"wp","href":"https:\/\/api.w.org\/{rel}","templated":true}]}}