{"id":251,"date":"2017-10-04T22:26:41","date_gmt":"2017-10-04T22:26:41","guid":{"rendered":"http:\/\/benawi.com\/?page_id=251"},"modified":"2018-01-17T21:14:30","modified_gmt":"2018-01-17T21:14:30","slug":"ueber-mich","status":"publish","type":"page","link":"http:\/\/benawi.com\/?page_id=251","title":{"rendered":"\u00dcber mich"},"content":{"rendered":"<div id=\"pl-251\"  class=\"panel-layout\" ><div id=\"pg-251-0\"  class=\"panel-grid panel-has-style\" ><div style=\"padding: 100px 0; \" data-overlay=\"true\" data-overlay-color=\"#000000\" class=\"panel-row-style panel-row-style-for-251-0\" ><div id=\"pgc-251-0-0\"  class=\"panel-grid-cell\" ><div id=\"panel-251-0-0-0\" class=\"so-panel widget widget_sow-editor panel-first-child panel-last-child\" data-index=\"0\" ><div style=\"text-align: left;\" data-title-color=\"#443f3f\" data-headings-color=\"#443f3f\" class=\"panel-widget-style panel-widget-style-for-251-0-0-0\" ><div\n\t\t\t\n\t\t\tclass=\"so-widget-sow-editor so-widget-sow-editor-base\"\n\t\t\t\n\t\t>\n<div class=\"siteorigin-widget-tinymce textwidget\">\n\t<p><img loading=\"lazy\" class=\" wp-image-254 aligncenter\" src=\"http:\/\/benawi.com\/wp-content\/uploads\/2017\/10\/Portrait-262x300.png\" alt=\"\" width=\"385\" height=\"441\" srcset=\"http:\/\/benawi.com\/wp-content\/uploads\/2017\/10\/Portrait-262x300.png 262w, http:\/\/benawi.com\/wp-content\/uploads\/2017\/10\/Portrait-230x263.png 230w, http:\/\/benawi.com\/wp-content\/uploads\/2017\/10\/Portrait-350x401.png 350w, http:\/\/benawi.com\/wp-content\/uploads\/2017\/10\/Portrait-480x550.png 480w, http:\/\/benawi.com\/wp-content\/uploads\/2017\/10\/Portrait.png 621w\" sizes=\"(max-width: 385px) 100vw, 385px\" \/>\n<link href=\"https:\/\/fonts.googleapis.com\/css?family=Niconne\" rel=\"stylesheet\"\/>\n&nbsp;<\/p>\n<h2 style=\"text-align: center;\"><span style=\"font-size: 28pt,margin-top: -25px; color: #ffffff; font-family: Bilbo Swash Caps,arial,helvetica,sans-serif;\">Herzlich Willkommen,<\/span><\/h2>\n<p style=\"text-align: center;\"><span style=\"font-family: Niconne,cursive; font-size: 22pt;\">mein Name ist D\u00f6rte Haase, ich bin 1969 in Oldenburg<\/span><\/p>\n<p style=\"text-align: center;\"><span style=\"font-family: Niconne,cursive; font-size: 22pt;\"> geboren und habe 1990 an der Bremer Berufsfachschule<\/span><\/p>\n<p style=\"text-align: center;\"><span style=\"font-family: Niconne,cursive; font-size: 22pt;\"> f\u00fcr <\/span><span style=\"font-family: Niconne,cursive; font-size: 22pt;\">Kosmetikerin die Ausbildung zur staatlich <\/span><\/p>\n<p style=\"text-align: center;\"><span style=\"font-family: Niconne,cursive; font-size: 22pt;\">anerkannten Kosmetikerin <\/span><span style=\"font-family: Niconne,cursive; font-size: 22pt;\">absolviert. Im Jahr 2014 habe<\/span><\/p>\n<p style=\"text-align: center;\"><span style=\"font-family: Niconne,cursive; font-size: 22pt;\"> ich mich entschlossen mich selbstst\u00e4ndig<\/span><\/p>\n<p style=\"text-align: center;\"><span style=\"font-family: Niconne,cursive; font-size: 22pt;\">zu machen und somit in Osternburg mein Wimpern &amp; Nagelstudio<\/span><\/p>\n<p style=\"text-align: center;\"><img loading=\"lazy\" class=\"wp-image-368 alignnone\" style=\"margin-bottom: 10px;\" src=\"http:\/\/benawi.com\/wp-content\/uploads\/2017\/10\/Sz_1-1-300x125.png\" alt=\"\" width=\"100\" height=\"10\" \/><span style=\"font-family: Niconne,cursive; font-size: 22pt;\">er\u00f6ffnet. St\u00e4ndige Weiterbildungen sowie die<\/span><\/p>\n<p style=\"text-align: center;\"><span style=\"font-family: Niconne,cursive; font-size: 22pt;\"> Verwendung von <\/span><span style=\"font-family: Niconne,cursive; font-size: 22pt;\">hochwertigsten Produkten und<\/span><\/p>\n<p style=\"text-align: center;\"><span style=\"font-family: Niconne,cursive; font-size: 22pt;\"> pr\u00e4zises Arbeiten sind die Vorrausetzungen <\/span><\/p>\n<p style=\"text-align: center;\"><span style=\"font-family: Niconne,cursive; font-size: 22pt;\">f\u00fcr h\u00f6chste Qualit\u00e4t.<\/span><\/p>\n<p style=\"text-align: center;\"><span style=\"font-family: Niconne,cursive; font-size: 22pt;\">Hohe Hygienestandarts sowie Sauberkeit sind f\u00fcr<\/span><\/p>\n<p style=\"text-align: center;\"><span style=\"font-family: Niconne,cursive; font-size: 22pt;\"> meine Kunden und mich unerl\u00e4sslich.<\/span><\/p>\n<p style=\"text-align: center;\"><span style=\"font-family: Niconne,cursive; font-size: 22pt;\">\u00dcberzeugen auch Sie sich von der Qualit\u00e4t meiner Arbeit.<\/span><\/p>\n<p style=\"text-align: center;\"><span style=\"font-family: Niconne,cursive; font-size: 22pt;\">Ich freue mich sehr darauf, Sie in meinem Studio<\/span><span style=\"font-family: Niconne,cursive; font-size: 22pt;\"> begr\u00fc\u00dfen zu d\u00fcrfen.<\/span><\/p>\n<p style=\"text-align: center;\"><span style=\"font-family: Niconne,cursive; font-size: 22pt;\">Liebste Gr\u00fc\u00dfe,<\/span><\/p>\n<p style=\"text-align: center;\"><span style=\"font-family: Niconne,cursive; font-size: 22pt;\">Ihre<br \/>\n<\/span><\/p>\n<p><img loading=\"lazy\" class=\" wp-image-257 aligncenter\" src=\"http:\/\/benawi.com\/wp-content\/uploads\/2017\/10\/dh_v-300x83.png\" alt=\"\" width=\"455\" height=\"126\" srcset=\"http:\/\/benawi.com\/wp-content\/uploads\/2017\/10\/dh_v-300x83.png 300w, http:\/\/benawi.com\/wp-content\/uploads\/2017\/10\/dh_v-768x212.png 768w, http:\/\/benawi.com\/wp-content\/uploads\/2017\/10\/dh_v-1024x282.png 1024w, http:\/\/benawi.com\/wp-content\/uploads\/2017\/10\/dh_v-830x229.png 830w, http:\/\/benawi.com\/wp-content\/uploads\/2017\/10\/dh_v-230x63.png 230w, http:\/\/benawi.com\/wp-content\/uploads\/2017\/10\/dh_v-350x96.png 350w, http:\/\/benawi.com\/wp-content\/uploads\/2017\/10\/dh_v-480x132.png 480w\" sizes=\"(max-width: 455px) 100vw, 455px\" \/><\/p>\n<\/div>\n<\/div><\/div><\/div><\/div><\/div><\/div><\/div>","protected":false},"excerpt":{"rendered":"<p>&nbsp; Herzlich Willkommen, mein Name ist D\u00f6rte Haase, ich bin 1969 in Oldenburg geboren und habe 1990 an der Bremer Berufsfachschule f\u00fcr [&hellip;]<\/p>\n","protected":false},"author":1,"featured_media":0,"parent":0,"menu_order":0,"comment_status":"closed","ping_status":"closed","template":"page-templates\/page_front-page.php","meta":[],"_links":{"self":[{"href":"http:\/\/benawi.com\/index.php?rest_route=\/wp\/v2\/pages\/251"}],"collection":[{"href":"http:\/\/benawi.com\/index.php?rest_route=\/wp\/v2\/pages"}],"about":[{"href":"http:\/\/benawi.com\/index.php?rest_route=\/wp\/v2\/types\/page"}],"author":[{"embeddable":true,"href":"http:\/\/benawi.com\/index.php?rest_route=\/wp\/v2\/users\/1"}],"replies":[{"embeddable":true,"href":"http:\/\/benawi.com\/index.php?rest_route=%2Fwp%2Fv2%2Fcomments&post=251"}],"version-history":[{"count":14,"href":"http:\/\/benawi.com\/index.php?rest_route=\/wp\/v2\/pages\/251\/revisions"}],"predecessor-version":[{"id":279,"href":"http:\/\/benawi.com\/index.php?rest_route=\/wp\/v2\/pages\/251\/revisions\/279"}],"wp:attachment":[{"href":"http:\/\/benawi.com\/index.php?rest_route=%2Fwp%2Fv2%2Fmedia&parent=251"}],"curies":[{"name":"wp","href":"https:\/\/api.w.org\/{rel}","templated":true}]}}